{"id":59,"date":"2025-12-13T10:21:14","date_gmt":"2025-12-13T03:21:14","guid":{"rendered":"http:\/\/flatsome.dev\/?page_id=3257"},"modified":"2025-12-13T10:21:25","modified_gmt":"2025-12-13T03:21:25","slug":"mega-shop","status":"publish","type":"page","link":"https:\/\/888to888.net\/","title":{"rendered":"888to888 &#8211; Trang ch\u1ee7 888TO | Ho\u00e0n tr\u1ea3 kh\u00f4ng gi\u1edbi h\u1ea1n 2%"},"content":{"rendered":"<div class=\"slider-wrapper relative\" id=\"slider-957414763\" >\n    <div class=\"slider slider-nav-circle slider-nav-large slider-nav-light slider-style-normal\"\n        data-flickity-options='{\n            \"cellAlign\": \"center\",\n            \"imagesLoaded\": true,\n            \"lazyLoad\": 1,\n            \"freeScroll\": false,\n            \"wrapAround\": true,\n            \"autoPlay\": 5000,\n            \"pauseAutoPlayOnHover\" : false,\n            \"prevNextButtons\": true,\n            \"contain\" : true,\n            \"adaptiveHeight\" : true,\n            \"dragThreshold\" : 10,\n            \"percentPosition\": true,\n            \"pageDots\": false,\n            \"rightToLeft\": false,\n            \"draggable\": true,\n            \"selectedAttraction\": 0.1,\n            \"parallax\" : 0,\n            \"friction\": 0.6        }'\n        >\n        \n\t<div class=\"img has-hover x md-x lg-x y md-y lg-y\" id=\"image_1875485993\">\n\t\t\t\t\t\t\t\t<div class=\"img-inner dark\" >\n\t\t\t<img loading=\"lazy\" decoding=\"async\" width=\"747\" height=\"219\" src=\"https:\/\/888to888.net\/wp-content\/uploads\/2025\/12\/thuong-nap-dau-tai-888to.webp\" class=\"attachment-large size-large\" alt=\"Th\u01b0\u1edfng n\u1ea1p \u0111\u1ea7u t\u1ea1i trang 888to\" srcset=\"https:\/\/888to888.net\/wp-content\/uploads\/2025\/12\/thuong-nap-dau-tai-888to.webp 747w, https:\/\/888to888.net\/wp-content\/uploads\/2025\/12\/thuong-nap-dau-tai-888to-300x88.webp 300w\" sizes=\"auto, (max-width: 747px) 100vw, 747px\" \/>\t\t\t\t\t\t\n\t\t\t\t\t<\/div>\n\t\t\t\t\t\t\t\t\n<style>\n#image_1875485993 {\n  width: 100%;\n}\n<\/style>\n\t<\/div>\n\t\n     <\/div>\n\n     <div class=\"loading-spin dark large centered\"><\/div>\n\n\t<\/div>\n\n\n\n\t<section class=\"section section1 dark hide-for-small\" id=\"section_1077696734\">\n\t\t<div class=\"section-bg fill\" >\n\t\t\t\t\t\t\t\t\t<button class=\"scroll-for-more z-5 icon absolute bottom h-center\" aria-label=\"Cu\u1ed9n \u0111\u1ec3 bi\u1ebft th\u00eam\"><i class=\"icon-angle-down\" style=\"font-size:42px;\" ><\/i><\/button>\n\t\t\t\n\n\t\t<\/div>\n\n\t\t\n\n\t\t<div class=\"section-content relative\">\n\t\t\t\n<div class=\"row row-collapse row-full-width align-center row1\"  id=\"row-6330890\">\n\n\t<div id=\"col-1287941547\" class=\"col small-12 large-12\"  >\n\t\t\t\t<div class=\"col-inner text-center\"  >\n\t\t\t\n\t\t\t\n<div class=\"col-inner text-center\">\n<div id=\"row-321306411\" class=\"row row-collapse\">\n<div class=\"col medium-2 small-4 large-2\">\n<div class=\"col-inner\">\n<div class=\"bullhornMain\"><i class=\"fa fa-bullhorn\" aria-hidden=\"true\"><\/i> Th\u00f4ng b\u00e1o<\/div>\n<\/div>\n<\/div>\n<div class=\"col medium-10 small-8 large-10\">\n<div class=\"col-inner\">\n<p>888to888 &#8211; trang ch\u1ee7 t\u1ed5ng h\u1ee3p link truy c\u1eadp ch\u00ednh th\u1ee9c \u0111\u1ebfn gi\u1ea3i tr\u00ed 888to n\u1ec1n t\u1ea3ng uy t\u00edn b\u1ea3o m\u1eadt th\u00f4ng tin ng\u01b0\u1eddi ch\u01a1i. Khuy\u1ebfn m\u00e3i c\u1eadp nh\u1eadt li\u00ean t\u1ee5c h\u00e0ng ng\u00e0y, h\u00e0ng tu\u1ea7n ph\u00fac l\u1ee3i \u0111\u1ebfn 888.888k theo d\u00f5i th\u00f4ng b\u00e1o \u0111\u1ec3 nh\u1eadn khuy\u1ebfn m\u00e3i<\/p>\n<\/div>\n<\/div>\n\t\t<\/div>\n\t\t\t\t\n<style>\n#col-1287941547 > .col-inner {\n  padding: 57px 0px 2px 0px;\n  margin: -43px 29px -21px -8px;\n}\n<\/style>\n\t<\/div>\n\n\t\n\n<style>\n#row-6330890 > .col > .col-inner {\n  padding: 51px 8px 5px 0px;\n}\n<\/style>\n<\/div>\n\t\t<\/div>\n\n\t\t\n<style>\n#section_1077696734 {\n  padding-top: 0px;\n  padding-bottom: 0px;\n  margin-bottom: 0px;\n  min-height: 0px;\n}\n<\/style>\n\t<\/section>\n\t\n\n\t<section class=\"section hide-for-small\" id=\"section_310579847\">\n\t\t<div class=\"section-bg fill\" >\n\t\t\t\t\t\t\t\t\t\n\t\t\t\n\n\t\t<\/div>\n\n\t\t\n\n\t\t<div class=\"section-content relative\">\n\t\t\t\n<div class=\"container section-title-container\" ><h2 class=\"section-title section-title-center\"><b><\/b><span class=\"section-title-main\" style=\"color:rgb(255, 0, 0);\">TRANG CH\u1ee6 \u0110\u0102NG NH\u1eacP NH\u00c0 C\u00c1I 888TO<\/span><b><\/b><\/h2><\/div>\n\t\t<\/div>\n\n\t\t\n<style>\n#section_310579847 {\n  padding-top: 30px;\n  padding-bottom: 30px;\n}\n<\/style>\n\t<\/section>\n\t\n\n\t<section class=\"section show-for-small\" id=\"section_1769566514\">\n\t\t<div class=\"section-bg fill\" >\n\t\t\t\t\t\t\t\t\t\n\t\t\t\n\n\t\t<\/div>\n\n\t\t\n\n\t\t<div class=\"section-content relative\">\n\t\t\t\n<div class=\"row row-small\"  id=\"row-971548871\">\n\n\t<div id=\"col-1335684583\" class=\"col medium-6 small-6 large-6\"  >\n\t\t\t\t<div class=\"col-inner\"  >\n\t\t\t\n\t\t\t\n\n  <div class=\"banner has-hover\" id=\"banner-2078795466\">\n          <div class=\"banner-inner fill\">\n        <div class=\"banner-bg fill\" >\n            <img loading=\"lazy\" decoding=\"async\" width=\"285\" height=\"354\" src=\"https:\/\/888to888.net\/wp-content\/uploads\/2019\/08\/sport-vat.png\" class=\"bg attachment-large size-large\" alt=\"\" \/>                                    \n                    <\/div>\n\t\t\n        <div class=\"banner-layers container\">\n            <div class=\"fill banner-link\"><\/div>            \n   <div id=\"text-box-92610158\" class=\"text-box banner-layer x50 md-x50 lg-x50 y100 md-y50 lg-y50 res-text\">\n                                <div class=\"text-box-content text dark\">\n              \n              <div class=\"text-inner text-center\">\n                  \n<h4 class=\"uppercase\"><span style=\"font-size: 100%;\">TH\u1ec3 Thao<\/span><\/h4>\n              <\/div>\n           <\/div>\n                            \n<style>\n#text-box-92610158 {\n  width: 60%;\n}\n#text-box-92610158 .text-box-content {\n  font-size: 100%;\n}\n<\/style>\n    <\/div>\n \n        <\/div>\n      <\/div>\n\n            \n<style>\n#banner-2078795466 {\n  padding-top: 216px;\n  background-color: rgba(255, 255, 255, 0.45);\n}\n#banner-2078795466 .banner-bg img {\n  object-position: 53% 55%;\n}\n@media (min-width:550px) {\n  #banner-2078795466 {\n    padding-top: 500px;\n  }\n}\n<\/style>\n  <\/div>\n\n\n\t\t<\/div>\n\t\t\t\t\t<\/div>\n\n\t\n\n\t<div id=\"col-510004007\" class=\"col medium-6 small-6 large-6\"  >\n\t\t\t\t<div class=\"col-inner\"  >\n\t\t\t\n\t\t\t\n\n  <div class=\"banner has-hover\" id=\"banner-1304207240\">\n          <div class=\"banner-inner fill\">\n        <div class=\"banner-bg fill\" >\n            <img loading=\"lazy\" decoding=\"async\" width=\"852\" height=\"480\" src=\"https:\/\/888to888.net\/wp-content\/uploads\/2019\/08\/11.jpg\" class=\"bg attachment-large size-large\" alt=\"\" \/>                                    \n                    <\/div>\n\t\t\n        <div class=\"banner-layers container\">\n            <div class=\"fill banner-link\"><\/div>            \n   <div id=\"text-box-922815050\" class=\"text-box banner-layer x100 md-x50 lg-x50 y50 md-y50 lg-y50 res-text\">\n                                <div class=\"text-box-content text dark\">\n              \n              <div class=\"text-inner text-center\">\n                  \n<h4 class=\"uppercase\">bACCARAT<\/h4>\n              <\/div>\n           <\/div>\n                            \n<style>\n#text-box-922815050 {\n  width: 60%;\n}\n#text-box-922815050 .text-box-content {\n  font-size: 100%;\n}\n<\/style>\n    <\/div>\n \n\t<div class=\"img has-hover x0 md-x50 lg-x50 y50 md-y50 lg-y50\" id=\"image_1399963292\">\n\t\t\t\t\t\t\t\t<div class=\"img-inner dark\" >\n\t\t\t<img loading=\"lazy\" decoding=\"async\" width=\"100\" height=\"109\" src=\"https:\/\/888to888.net\/wp-content\/uploads\/2019\/08\/img_girl_mc.png\" class=\"attachment-large size-large\" alt=\"\" \/>\t\t\t\t\t\t\n\t\t\t\t\t<\/div>\n\t\t\t\t\t\t\t\t\n<style>\n#image_1399963292 {\n  width: 33%;\n}\n@media (min-width:550px) {\n  #image_1399963292 {\n    width: 100%;\n  }\n}\n<\/style>\n\t<\/div>\n\t\n        <\/div>\n      <\/div>\n\n            \n<style>\n#banner-1304207240 {\n  padding-top: 65px;\n}\n@media (min-width:550px) {\n  #banner-1304207240 {\n    padding-top: 500px;\n  }\n}\n<\/style>\n  <\/div>\n\n\n\t<div id=\"gap-1878797698\" class=\"gap-element clearfix\" style=\"display:block; height:auto;\">\n\t\t\n<style>\n#gap-1878797698 {\n  padding-top: 10px;\n}\n<\/style>\n\t<\/div>\n\t\n\n  <div class=\"banner has-hover\" id=\"banner-1150341552\">\n          <div class=\"banner-inner fill\">\n        <div class=\"banner-bg fill\" >\n                                                \n                    <\/div>\n\t\t\n        <div class=\"banner-layers container\">\n            <div class=\"fill banner-link\"><\/div>            \n   <div id=\"text-box-842943784\" class=\"text-box banner-layer x100 md-x50 lg-x50 y50 md-y50 lg-y50 res-text\">\n                                <div class=\"text-box-content text dark\">\n              \n              <div class=\"text-inner text-center\">\n                  \n<h4 class=\"uppercase\">CASINO<\/h4>\n              <\/div>\n           <\/div>\n                            \n<style>\n#text-box-842943784 {\n  width: 60%;\n}\n#text-box-842943784 .text-box-content {\n  font-size: 100%;\n}\n<\/style>\n    <\/div>\n \n\t<div class=\"img has-hover x0 md-x50 lg-x50 y50 md-y50 lg-y50\" id=\"image_1524719436\">\n\t\t\t\t\t\t\t\t<div class=\"img-inner dark\" >\n\t\t\t<img loading=\"lazy\" decoding=\"async\" width=\"100\" height=\"109\" src=\"https:\/\/888to888.net\/wp-content\/uploads\/2019\/08\/icon_home_anchor.png\" class=\"attachment-large size-large\" alt=\"\" \/>\t\t\t\t\t\t\n\t\t\t\t\t<\/div>\n\t\t\t\t\t\t\t\t\n<style>\n#image_1524719436 {\n  width: 37%;\n}\n@media (min-width:550px) {\n  #image_1524719436 {\n    width: 100%;\n  }\n}\n<\/style>\n\t<\/div>\n\t\n        <\/div>\n      <\/div>\n\n            \n<style>\n#banner-1150341552 {\n  padding-top: 65px;\n}\n@media (min-width:550px) {\n  #banner-1150341552 {\n    padding-top: 500px;\n  }\n}\n<\/style>\n  <\/div>\n\n\n\t<div id=\"gap-1320563193\" class=\"gap-element clearfix\" style=\"display:block; height:auto;\">\n\t\t\n<style>\n#gap-1320563193 {\n  padding-top: 10px;\n}\n<\/style>\n\t<\/div>\n\t\n\n  <div class=\"banner has-hover\" id=\"banner-1661178164\">\n          <div class=\"banner-inner fill\">\n        <div class=\"banner-bg fill\" >\n            <img loading=\"lazy\" decoding=\"async\" width=\"1020\" height=\"574\" src=\"https:\/\/888to888.net\/wp-content\/uploads\/2019\/08\/13081-01-gradient-designs-powerpoint-backgrounds-16x9-1-1024x576.jpg\" class=\"bg attachment-large size-large\" alt=\"\" \/>                                    \n                    <\/div>\n\t\t\n        <div class=\"banner-layers container\">\n            <div class=\"fill banner-link\"><\/div>            \n   <div id=\"text-box-1768239318\" class=\"text-box banner-layer x100 md-x50 lg-x50 y50 md-y50 lg-y50 res-text\">\n                                <div class=\"text-box-content text dark\">\n              \n              <div class=\"text-inner text-center\">\n                  \n<h4 class=\"uppercase\">GAME<\/h4>\n              <\/div>\n           <\/div>\n                            \n<style>\n#text-box-1768239318 {\n  width: 60%;\n}\n#text-box-1768239318 .text-box-content {\n  font-size: 100%;\n}\n<\/style>\n    <\/div>\n \n\t<div class=\"img has-hover x0 md-x50 lg-x50 y95 md-y50 lg-y50\" id=\"image_29421156\">\n\t\t\t\t\t\t\t\t<div class=\"img-inner dark\" >\n\t\t\t<img loading=\"lazy\" decoding=\"async\" width=\"100\" height=\"109\" src=\"https:\/\/888to888.net\/wp-content\/uploads\/2019\/08\/icon_home_people.png\" class=\"attachment-large size-large\" alt=\"\" \/>\t\t\t\t\t\t\n\t\t\t\t\t<\/div>\n\t\t\t\t\t\t\t\t\n<style>\n#image_29421156 {\n  width: 36%;\n}\n@media (min-width:550px) {\n  #image_29421156 {\n    width: 100%;\n  }\n}\n<\/style>\n\t<\/div>\n\t\n        <\/div>\n      <\/div>\n\n            \n<style>\n#banner-1661178164 {\n  padding-top: 65px;\n}\n@media (min-width:550px) {\n  #banner-1661178164 {\n    padding-top: 500px;\n  }\n}\n<\/style>\n  <\/div>\n\n\n\t\t<\/div>\n\t\t\t\t\t<\/div>\n\n\t\n<\/div>\n<div class=\"row row-small\"  id=\"row-498630820\">\n\n\t<div id=\"col-192317631\" class=\"col medium-6 small-6 large-6\"  >\n\t\t\t\t<div class=\"col-inner\"  >\n\t\t\t\n\t\t\t\n\n  <div class=\"banner has-hover bg-glow\" id=\"banner-2096855398\">\n          <div class=\"banner-inner fill\">\n        <div class=\"banner-bg fill\" >\n            <img loading=\"lazy\" decoding=\"async\" width=\"852\" height=\"480\" src=\"https:\/\/888to888.net\/wp-content\/uploads\/2019\/08\/new11.jpg\" class=\"bg attachment-large size-large\" alt=\"\" \/>                                    \n                    <\/div>\n\t\t\n        <div class=\"banner-layers container\">\n            <div class=\"fill banner-link\"><\/div>            \n   <div id=\"text-box-1995594889\" class=\"text-box banner-layer x95 md-x50 lg-x50 y95 md-y50 lg-y50 res-text\">\n                                <div class=\"text-box-content text dark\">\n              \n              <div class=\"text-inner text-center\">\n                  \n<h4 class=\"uppercase\">H\u01b0\u1edbng D\u1eaaN<\/h4>\n              <\/div>\n           <\/div>\n                            \n<style>\n#text-box-1995594889 {\n  width: 60%;\n}\n#text-box-1995594889 .text-box-content {\n  font-size: 100%;\n}\n<\/style>\n    <\/div>\n \n\t<div class=\"img has-hover x0 md-x50 lg-x50 y95 md-y50 lg-y50\" id=\"image_1726119401\">\n\t\t\t\t\t\t\t\t<div class=\"img-inner dark\" >\n\t\t\t<img loading=\"lazy\" decoding=\"async\" width=\"199\" height=\"200\" src=\"https:\/\/888to888.net\/wp-content\/uploads\/2019\/08\/ic-down-app.png\" class=\"attachment-large size-large\" alt=\"\" srcset=\"https:\/\/888to888.net\/wp-content\/uploads\/2019\/08\/ic-down-app.png 199w, https:\/\/888to888.net\/wp-content\/uploads\/2019\/08\/ic-down-app-150x150.png 150w\" sizes=\"auto, (max-width: 199px) 100vw, 199px\" \/>\t\t\t\t\t\t\n\t\t\t\t\t<\/div>\n\t\t\t\t\t\t\t\t\n<style>\n#image_1726119401 {\n  width: 35%;\n}\n@media (min-width:550px) {\n  #image_1726119401 {\n    width: 100%;\n  }\n}\n<\/style>\n\t<\/div>\n\t\n        <\/div>\n      <\/div>\n\n            \n<style>\n#banner-2096855398 {\n  padding-top: 65px;\n}\n@media (min-width:550px) {\n  #banner-2096855398 {\n    padding-top: 500px;\n  }\n}\n<\/style>\n  <\/div>\n\n\n\t\t<\/div>\n\t\t\t\t\t<\/div>\n\n\t\n\n\t<div id=\"col-1121688294\" class=\"col medium-6 small-6 large-6\"  >\n\t\t\t\t<div class=\"col-inner\"  >\n\t\t\t\n\t\t\t\n\n  <div class=\"banner has-hover\" id=\"banner-1596094592\">\n          <div class=\"banner-inner fill\">\n        <div class=\"banner-bg fill\" >\n            <img loading=\"lazy\" decoding=\"async\" width=\"852\" height=\"480\" src=\"https:\/\/888to888.net\/wp-content\/uploads\/2019\/08\/1-1.jpg\" class=\"bg attachment-large size-large\" alt=\"\" \/>                                    \n                    <\/div>\n\t\t\n        <div class=\"banner-layers container\">\n            <div class=\"fill banner-link\"><\/div>            \n   <div id=\"text-box-2138293163\" class=\"text-box banner-layer x100 md-x50 lg-x50 y50 md-y50 lg-y50 res-text\">\n                                <div class=\"text-box-content text dark\">\n              \n              <div class=\"text-inner text-center\">\n                  \n<h4 class=\"uppercase\">X\u1ed4 S\u1ed0<\/h4>\n              <\/div>\n           <\/div>\n                            \n<style>\n#text-box-2138293163 {\n  width: 60%;\n}\n#text-box-2138293163 .text-box-content {\n  font-size: 100%;\n}\n<\/style>\n    <\/div>\n \n\t<div class=\"img has-hover x0 md-x50 lg-x50 y50 md-y50 lg-y50\" id=\"image_2065361870\">\n\t\t\t\t\t\t\t\t<div class=\"img-inner dark\" >\n\t\t\t<img loading=\"lazy\" decoding=\"async\" width=\"100\" height=\"109\" src=\"https:\/\/888to888.net\/wp-content\/uploads\/2019\/08\/ic_mobi_ball.png\" class=\"attachment-large size-large\" alt=\"\" \/>\t\t\t\t\t\t\n\t\t\t\t\t<\/div>\n\t\t\t\t\t\t\t\t\n<style>\n#image_2065361870 {\n  width: 38%;\n}\n@media (min-width:550px) {\n  #image_2065361870 {\n    width: 100%;\n  }\n}\n<\/style>\n\t<\/div>\n\t\n        <\/div>\n      <\/div>\n\n            \n<style>\n#banner-1596094592 {\n  padding-top: 65px;\n}\n@media (min-width:550px) {\n  #banner-1596094592 {\n    padding-top: 500px;\n  }\n}\n<\/style>\n  <\/div>\n\n\n\t\t<\/div>\n\t\t\t\t\t<\/div>\n\n\t\n<\/div>\n\t\t<\/div>\n\n\t\t\n<style>\n#section_1769566514 {\n  padding-top: 30px;\n  padding-bottom: 30px;\n}\n<\/style>\n\t<\/section>\n\t\n\n\t<section class=\"section\" id=\"section_633208288\">\n\t\t<div class=\"section-bg fill\" >\n\t\t\t\t\t\t\t\t\t\n\t\t\t\n\n\t\t<\/div>\n\n\t\t\n\n\t\t<div class=\"section-content relative\">\n\t\t\t\n<h2 class=\"tieu-de uppercase\"><span style=\"color: #3366ff;\"><strong>FAQ &#8211; V\u1ea5n \u0111\u1ec1 th\u01b0\u1eddng g\u1eb7p khi ch\u01a1i 888To 888.com<\/strong><\/span><\/h2>\n<div class=\"accordion\">\n\t<div id=\"accordion-1886822003\" class=\"accordion-item\">\n\t\t<a id=\"accordion-1886822003-label\" class=\"accordion-title plain\" href=\"#accordion-item-t\u00ean-mi\u1ec1n-truy-c\u1eadp-8888to-ch\u00ednh-th\u1ee9c?\" aria-expanded=\"false\" aria-controls=\"accordion-1886822003-content\" >\n\t\t\t<button class=\"toggle\" aria-label=\"Chuy\u1ec3n \u0111\u1ed5i\"><i class=\"icon-angle-down\"><\/i><\/button>\n\t\t\t<span>T\u00ean mi\u1ec1n truy c\u1eadp 8888to ch\u00ednh th\u1ee9c?<\/span>\n\t\t<\/a>\n\t\t<div id=\"accordion-1886822003-content\" class=\"accordion-inner\" aria-labelledby=\"accordion-1886822003-label\" >\n\t\t\t\n<p><span style=\"color: #3366ff;\">Nh\u1eefng \u0111\u01b0\u1eddng d\u1eabn ch\u00ednh th\u1ee9c v\u00e0o 888to game:<\/span><\/p>\n<ul>\n<li><span style=\"color: #3366ff;\">888to888.com<\/span><\/li>\n<li><span style=\"color: #3366ff;\">888to 888.casino<\/span><\/li>\n<li><span style=\"color: #3366ff;\">888to 888.app<\/span><\/li>\n<li><span style=\"color: #3366ff;\">888to 888.game<\/span><\/li>\n<li><span style=\"color: #3366ff;\">888to888.bet<\/span><\/li>\n<li><span style=\"color: #3366ff;\">888to888.win<\/span><\/li>\n<\/ul>\n<p><span style=\"color: #3366ff;\">Ho\u1eb7c t\u00ecm ki\u1ebfm #888totrangchu #8888todangky #888todangnhap #888totaiapp #888tocasino #888to888dangky #888to888dangnhap #888to888trangchu<\/span><\/p>\n\t\t<\/div>\n\t<\/div>\n\t\n\t<div id=\"accordion-1212501651\" class=\"accordion-item\">\n\t\t<a id=\"accordion-1212501651-label\" class=\"accordion-title plain\" href=\"#accordion-item-\u0110\u0103ng-k\u00fd-t\u00e0i-kho\u1ea3n-888to-888.casino-b\u1eb1ng-c\u00e1ch-n\u00e0o?\" aria-expanded=\"false\" aria-controls=\"accordion-1212501651-content\" >\n\t\t\t<button class=\"toggle\" aria-label=\"Chuy\u1ec3n \u0111\u1ed5i\"><i class=\"icon-angle-down\"><\/i><\/button>\n\t\t\t<span>\u0110\u0103ng k\u00fd t\u00e0i kho\u1ea3n 888to 888.casino b\u1eb1ng c\u00e1ch n\u00e0o?<\/span>\n\t\t<\/a>\n\t\t<div id=\"accordion-1212501651-content\" class=\"accordion-inner\" aria-labelledby=\"accordion-1212501651-label\" >\n\t\t\t\n<p><span style=\"color: #3366ff;\">\u0110\u0103ng k\u00fd t\u00e0i kho\u1ea3n 888to casino b\u1ea1n c\u1ea7n th\u1ef1c hi\u1ec7n theo c\u00e1c b\u01b0\u1edbc sau:<\/span><\/p>\n<ol>\n<li><span style=\"color: #3366ff;\">Truy c\u1eadp trang ch\u1ee7 888to 888.com ch\u1ecdn m\u1ee5c :\u0110\u0103ng k\u00fd&#8221;<\/span><\/li>\n<li><span style=\"color: #3366ff;\">\u0110i\u1ec1n th\u00f4ng tin \u0111\u1ea7y \u0111\u1ee7 theo h\u01b0\u1edbng d\u1eabn form m\u1eabu c\u00f3 s\u1eb5n<\/span><\/li>\n<li><span style=\"color: #3366ff;\">Nh\u1eadn m\u00e3 OTP g\u1eedi v\u1ec1 s\u1ed1 \u0111i\u1ec7n tho\u1ea1i<\/span><\/li>\n<li><span style=\"color: #3366ff;\">\u0110i\u1ec1n m\u00e3 OTP g\u1eedi x\u00e1c nh\u1eadn l\u00e0 ho\u00e0n th\u00e0nh<\/span><\/li>\n<\/ol>\n\t\t<\/div>\n\t<\/div>\n\t\n\t<div id=\"accordion-1589702484\" class=\"accordion-item\">\n\t\t<a id=\"accordion-1589702484-label\" class=\"accordion-title plain\" href=\"#accordion-item-\u0110\u0103ng-nh\u1eadp-v\u00e0-t\u1ea3i-app-888to-888.bet-c\u00f3-\u0111\u01a1n-gi\u1ea3n-kh\u00f4ng?\" aria-expanded=\"false\" aria-controls=\"accordion-1589702484-content\" >\n\t\t\t<button class=\"toggle\" aria-label=\"Chuy\u1ec3n \u0111\u1ed5i\"><i class=\"icon-angle-down\"><\/i><\/button>\n\t\t\t<span>\u0110\u0103ng nh\u1eadp v\u00e0 t\u1ea3i app 888to 888.bet c\u00f3 \u0111\u01a1n gi\u1ea3n kh\u00f4ng?<\/span>\n\t\t<\/a>\n\t\t<div id=\"accordion-1589702484-content\" class=\"accordion-inner\" aria-labelledby=\"accordion-1589702484-label\" >\n\t\t\t\n<p><span style=\"color: #3366ff;\">\u0110\u0103ng nh\u1eadp v\u00e0 t\u1ea3i app tr\u00ean 888to bet r\u1ea5t \u0111\u01a1n gi\u1ea3n. <\/span><\/p>\n<p><span style=\"color: #3366ff;\">\u0110\u0103ng nh\u1eadp v\u1edbi th\u00f4ng tin t\u00e0i kho\u1ea3n \u0111\u00e3 c\u00f3 tr\u00ean b\u1ea5t k\u00ec tr\u00ecnh duy\u1ec7t PC hay thi\u1ebft b\u1ecb di \u0111\u1ed9ng. <\/span><span style=\"color: #3366ff;\">T\u1ea3i app v\u00e0 c\u00e0i \u0111\u1eb7t chi ti\u1ebft \u0111\u01b0\u1ee3c h\u01b0\u1edbng d\u1eabn ngay t\u1ea1i m\u1ee5c t\u1ea3i app<\/span><\/p>\n\t\t<\/div>\n\t<\/div>\n\t\n\t<div id=\"accordion-1525288593\" class=\"accordion-item\">\n\t\t<a id=\"accordion-1525288593-label\" class=\"accordion-title plain\" href=\"#accordion-item-n\u1ea1p-v\u00e0-r\u00fat-ti\u1ec1n-888-to888.com-c\u00f3-an-to\u00e0n-kh\u00f4ng?\" aria-expanded=\"false\" aria-controls=\"accordion-1525288593-content\" >\n\t\t\t<button class=\"toggle\" aria-label=\"Chuy\u1ec3n \u0111\u1ed5i\"><i class=\"icon-angle-down\"><\/i><\/button>\n\t\t\t<span>N\u1ea1p v\u00e0 r\u00fat ti\u1ec1n 888 to888.com c\u00f3 an to\u00e0n kh\u00f4ng?<\/span>\n\t\t<\/a>\n\t\t<div id=\"accordion-1525288593-content\" class=\"accordion-inner\" aria-labelledby=\"accordion-1525288593-label\" >\n\t\t\t\n<p><span style=\"color: #3366ff;\">N\u1ea1p v\u00e0 r\u00fat ti\u1ec1n 888to.com r\u1ea5t \u0111\u01a1n gi\u1ea3n. Ch\u1ec9 c\u1ea7n c\u00f3 t\u00e0i kho\u1ea3n h\u1ee3p l\u1ec7, li\u00ean k\u1ebft ng\u00e2n h\u00e0ng l\u00e0 th\u1ef1c hi\u1ec7n \u0111\u01b0\u1ee3c giao d\u1ecbch v\u1edbi 4 h\u00ednh th\u1ee9c ch\u00ednh QR code, chuy\u1ec3n ti\u1ec1n qua s\u1ed1 t\u00e0i kho\u1ea3n, v\u00ed \u0111i\u1ec7n t\u1eed, v\u00ed ti\u1ec1n \u1ea3o.<\/span><\/p>\n\t\t<\/div>\n\t<\/div>\n\t\n\t<div id=\"accordion-2179901712\" class=\"accordion-item\">\n\t\t<a id=\"accordion-2179901712-label\" class=\"accordion-title plain\" href=\"#accordion-item-li\u00ean-h\u1ec7-v\u1edbi-cskh-888to-888.co-nh\u01b0-th\u1ebf-n\u00e0o?\" aria-expanded=\"false\" aria-controls=\"accordion-2179901712-content\" >\n\t\t\t<button class=\"toggle\" aria-label=\"Chuy\u1ec3n \u0111\u1ed5i\"><i class=\"icon-angle-down\"><\/i><\/button>\n\t\t\t<span>Li\u00ean h\u1ec7 v\u1edbi CSKH 888to 888.co nh\u01b0 th\u1ebf n\u00e0o?<\/span>\n\t\t<\/a>\n\t\t<div id=\"accordion-2179901712-content\" class=\"accordion-inner\" aria-labelledby=\"accordion-2179901712-label\" >\n\t\t\t\n<p><span style=\"color: #3366ff;\">Li\u00ean h\u1ec7 CSKH t\u1ea1i 888to app r\u1ea5t \u0111\u01a1n gi\u1ea3n \u0111\u00e3 c\u00f3 3 m\u1ee5c bi\u1ec3u t\u01b0\u1ee3ng tr\u00ean trang ch\u1ee7 24\/7, zalo, telegram. Ng\u01b0\u1eddi ch\u01a1i \u1ea5n v\u00e0o b\u1ea5t k\u1ef3 bi\u1ec3u t\u01b0\u1ee3ng n\u00e0o \u0111\u1ec1u d\u1eabn \u0111\u1ebfn b\u00e0n CSKH lu\u00f4n s\u1eb5n s\u00e0ng h\u1ed7 tr\u1ee3 x\u1eed l\u00fd nhanh nh\u1ea5t m\u1ecdi v\u1ea5n \u0111\u1ec1<\/span><\/p>\n\t\t<\/div>\n\t<\/div>\n\t\n<\/div>\n\t\t<\/div>\n\n\t\t\n<style>\n#section_633208288 {\n  padding-top: 30px;\n  padding-bottom: 30px;\n}\n<\/style>\n\t<\/section>\n\t\n\n\t<section class=\"section\" id=\"section_575918868\">\n\t\t<div class=\"section-bg fill\" >\n\t\t\t\t\t\t\t\t\t\n\t\t\t\n\n\t\t<\/div>\n\n\t\t\n\n\t\t<div class=\"section-content relative\">\n\t\t\t\n<h2 class=\"tieu-de uppercase\"><span style=\"color: #3366ff;\"><strong>Tuy\u00ean b\u1ed1 mi\u1ec5n tr\u1eeb tr\u00e1ch nhi\u1ec7m<\/strong><\/span><\/h2>\n<div class=\"accordion\">\n\t<div id=\"accordion-3470895813\" class=\"accordion-item\">\n\t\t<a id=\"accordion-3470895813-label\" class=\"accordion-title plain\" href=\"#accordion-item-disclaimer\" aria-expanded=\"false\" aria-controls=\"accordion-3470895813-content\" >\n\t\t\t<button class=\"toggle\" aria-label=\"Chuy\u1ec3n \u0111\u1ed5i\"><i class=\"icon-angle-down\"><\/i><\/button>\n\t\t\t<span>DISCLAIMER<\/span>\n\t\t<\/a>\n\t\t<div id=\"accordion-3470895813-content\" class=\"accordion-inner\" aria-labelledby=\"accordion-3470895813-label\" >\n\t\t\t\n<p><span style=\"color: #3366ff;\">Trang ch\u1ee7 888to888.net cung c\u1ea5p th\u00f4ng tin mang t\u00ednh ch\u1ea5t tham kh\u1ea3o cho ng\u01b0\u1eddi d\u00f9ng \u0111\u1ee7 18 tu\u1ed5i s\u1ed1ng ngo\u00e0i ph\u1ea1m vi l\u00e3nh th\u1ed5 Vi\u1ec7t Nam. Tr\u00ean 888to888 kh\u00f4ng t\u1ed5 ch\u1ee9c c\u00e1 c\u01b0\u1ee3c, c\u00e1c ho\u1ea1t \u0111\u1ed9ng t\u00e0i ch\u00ednh. Do \u0111\u00f3 kh\u00f4ng ch\u1ecbu tr\u00e1ch nhi\u1ec7m r\u1ee7i do li\u00ean quan, m\u1ecdi quy\u1ebft \u0111\u1ecbnh s\u1eed d\u1ee5ng th\u00f4ng tin ng\u01b0\u1eddi d\u00f9ng \u0111\u1ec1u ch\u1ecbu m\u1ecdi tr\u00e1ch nhi\u1ec7m.<\/span><\/p>\n\t\t<\/div>\n\t<\/div>\n\t\n<\/div>\n\t\t<\/div>\n\n\t\t\n<style>\n#section_575918868 {\n  padding-top: 30px;\n  padding-bottom: 30px;\n}\n<\/style>\n\t<\/section>\n\t\n<\/div>\n<\/div>\n","protected":false},"excerpt":{"rendered":"","protected":false},"author":1,"featured_media":0,"parent":0,"menu_order":9,"comment_status":"closed","ping_status":"closed","template":"page-blank.php","meta":{"footnotes":""},"class_list":["post-59","page","type-page","status-publish","hentry"],"_links":{"self":[{"href":"https:\/\/888to888.net\/index.php?rest_route=\/wp\/v2\/pages\/59","targetHints":{"allow":["GET"]}}],"collection":[{"href":"https:\/\/888to888.net\/index.php?rest_route=\/wp\/v2\/pages"}],"about":[{"href":"https:\/\/888to888.net\/index.php?rest_route=\/wp\/v2\/types\/page"}],"author":[{"embeddable":true,"href":"https:\/\/888to888.net\/index.php?rest_route=\/wp\/v2\/users\/1"}],"replies":[{"embeddable":true,"href":"https:\/\/888to888.net\/index.php?rest_route=%2Fwp%2Fv2%2Fcomments&post=59"}],"version-history":[{"count":8,"href":"https:\/\/888to888.net\/index.php?rest_route=\/wp\/v2\/pages\/59\/revisions"}],"predecessor-version":[{"id":1888,"href":"https:\/\/888to888.net\/index.php?rest_route=\/wp\/v2\/pages\/59\/revisions\/1888"}],"wp:attachment":[{"href":"https:\/\/888to888.net\/index.php?rest_route=%2Fwp%2Fv2%2Fmedia&parent=59"}],"curies":[{"name":"wp","href":"https:\/\/api.w.org\/{rel}","templated":true}]}}